{"id":23,"date":"2020-10-15T12:44:05","date_gmt":"2020-10-15T12:44:05","guid":{"rendered":"https:\/\/darknight-coffee.org\/blog\/?page_id=23"},"modified":"2023-05-20T18:33:44","modified_gmt":"2023-05-20T18:33:44","slug":"daknight-coffee","status":"publish","type":"page","link":"https:\/\/darknight-coffee.org\/blog\/info\/com\/","title":{"rendered":"Darknight-Coffee-Treff"},"content":{"rendered":"\n<p>Willkommen im Darknight-Coffee Club und den ganzen Netzwerk-Knotenpunkten und mehr.<\/p>\n\n\n\n<p>Hallo, an alle in der Internetwelt ich gr\u00fc\u00dfe euch und die \u00fcber diesen Blog laufen, ob durch Zufall oder Aufruf, da sie den Link gefunden haben oder doch gar neugierig geworden sind.<\/p>\n\n\n\n<p>Viel gibt es noch nicht zu sehen ,doch versuche ich mein bestes das dieses \u00fcber die Zeit hier ersichtlich sein wird und das in Mehren Bereichen von Netzwerk-Technik Server Linux also Software. Oder Open-Source und was da alles in der Form zu entdecken ist.<\/p>\n\n\n\n<p>Daher lasst mir Zeit Sodas ich erstmal selbst St\u00fcck f\u00fcr St\u00fcck der (Baumeister) sein werde und es versuchen werde weiterhin komplett in der Form ausbauen zu k\u00f6nnen.<\/p>\n\n\n\n<p>Was f\u00fcr mich bestimmt nicht einfach sein wird. Da ich in allem nicht das beste Resultat abgegeben kann und auch das ganze nicht studiert habe, doch gleichzeitig was ich festgestellt habe, viele hier in dem Bereich doch ziemlich abgehoben sind und so auch erscheinen.<\/p>\n\n\n\n<p>Und das f\u00fcr mich die Sache f\u00fcr mich nicht ganz einfach werden l\u00e4sst.<\/p>\n\n\n\n<p>Doch wie hei\u00dft es doch so sch\u00f6n wo ein Wille ist, wird bestimmt ein vorzufinden sein. Man muss ihn oft zwar erstmal finden, doch hat man ihn gefunden, dann wei\u00df man meisten wie es geht.<\/p>\n\n\n\n<p>Ja das andere ist bei mir das Englische, das nie sehr hoch im Kurs bei mir stand. Was ich hier alles in allem in meinem ersten Artikel verfasst habe. Ich werde versuchen mir trotzdem das zu \u00fcbersetzen was geht oder sonst die Deutschen \u00dcbersetzungen zu finden.<\/p>\n\n\n\n<p>Ich mag die Zeit von Open-Source und alles was man so erleben kann. Ich mag \u00fcberhaupt das Thema und alles was sonst noch dazu einem Einfallen kann.<\/p>\n\n\n\n<p>Von daher langsam in der Ruhe liegt die Kraft oder so meine ich hat es immer gehei\u00dfen.<\/p>\n\n\n\n<p>Und daher denke ich hier\u00fcber genauso da dieses Projekt doch schon sehr Umfangreich ist in der Form.<\/p>\n\n\n\n<p>Wen man sich das ganze Mal vorstellt wie ich pers\u00f6nlich hier im Netz immer mehr wachsen muss ich glaube ich selbst mir mal ein Stopp Zeichen setzen.<\/p>\n\n\n\n<p>Da das ganze glaube, ich schon selbst dann Irgendwann zu un\u00fcbersichtlich werden kann.<\/p>\n\n\n\n<p>Doch wiederum diese Technik mich immer erinnert, wie in meiner jungen Zeit an den Ps meines Autos Truck und der Motor Leistung zu schrauben.<\/p>\n\n\n\n<p>So ist das hier genauso glaube ich zu sehen. Doch hier ist der Quell-Code das Geheimnis deines Erfolges. Daher schauen wir mal wo die Reise hingeht und was mir noch so alles \u00fcber den Weg l\u00e4uft, wof\u00fcr ich mich noch begeistern kann in der Form.<\/p>\n\n\n\n<p>Daher sage ich, nur so viel last es uns Probieren und vielleicht geh\u00f6rst du auch schon bald dabei!<\/p>\n\n\n\n<p>Also, wenn du Interesse hast und genauso verr\u00fcckt bist und in die Technik von Linux Python CC+ oder sonstiges oder Hardware und was damit geht<\/p>\n\n\n\n<p>Dann melde dich doch \u00fcber einige der Netzwerke, die hier mit Link zu finden sind oder hinterlasse deinen Kommentar dazu.<\/p>\n\n\n\n<p>Leider ist, dass mit dem Englisch leider bei mir so eine Sache und damit werde ich wohl nie warm, doch alles andere probiere ich gerne aus oder versuche es so in der Form umzusetzen was mir an Vorstellungen dabei \u00fcber den Weg l\u00e4uft oder was ich dazu alles finden kann und gefunden habe und noch werde.<\/p>\n\n\n\n<p>Also alle Seiten laufen auf meinem Server und das ist doch schon mal ein guter Anfang schauen wie es dabei weitergeht. Also wenn du einen Platz suchst, kannst du dich ja gerne mal melden und mich gerne begleiten, ob beim Schriftlichen oder Aktiv dabei zu sein.<\/p>\n\n\n\n<p>W\u00fcrde ich mich Freuen, wenn du dich dann wiederum melden w\u00fcrdest von deiner Seite. Also lasst uns zusammen ergr\u00fcnden die Technik und was damit alles geht im 20. Jahrhundert. Ich Freude mich also dann von dir in Irgendeiner Form zu h\u00f6heren.<\/p>\n\n\n\n<p>Im Netzwerk ist es sogar so, das hier kein Maulkorb wir tragen m\u00fcssen oder hier ein Pflichtprogramm auferlegt wird. Solange es in der Form gesittet und nicht unter der G\u00fcrtellinie endet oder verteilt wird. Das gilt f\u00fcr alle Seiten in dem Zusammenhang. Denn sonst macht das ganze keinen Spa\u00df. Also lasst uns ergr\u00fcnden was wir zusammen doch in der Form ergr\u00fcnden k\u00f6nnen ob Politisch technisch und was uns noch so alles einf\u00e4llt was zu ergr\u00fcnden ist oder f\u00fcr jeden daraus eine Win-win-Situation entstehen kann.<\/p>\n\n\n\n<p>Daher freue ich mich jetzt schon \u00fcber den regen Austausch im World-White web &amp; Netz im<\/p>\n\n\n\n<p>Darknight-Coffee-Club<\/p>\n","protected":false},"excerpt":{"rendered":"<p>Willkommen im Darknight-Coffee Club und den ganzen Netzwerk-Knotenpunkten und mehr. Hallo, an alle in der Internetwelt ich gr\u00fc\u00dfe euch und&#46;&#46;&#46;<\/p>\n","protected":false},"author":1,"featured_media":6,"parent":0,"menu_order":0,"comment_status":"closed","ping_status":"closed","template":"","meta":{"_acf_changed":false,"footnotes":""},"class_list":["post-23","page","type-page","status-publish","has-post-thumbnail","hentry"],"acf":[],"_links":{"self":[{"href":"https:\/\/darknight-coffee.org\/blog\/info\/com\/index.php?rest_route=\/wp\/v2\/pages\/23","targetHints":{"allow":["GET"]}}],"collection":[{"href":"https:\/\/darknight-coffee.org\/blog\/info\/com\/index.php?rest_route=\/wp\/v2\/pages"}],"about":[{"href":"https:\/\/darknight-coffee.org\/blog\/info\/com\/index.php?rest_route=\/wp\/v2\/types\/page"}],"author":[{"embeddable":true,"href":"https:\/\/darknight-coffee.org\/blog\/info\/com\/index.php?rest_route=\/wp\/v2\/users\/1"}],"replies":[{"embeddable":true,"href":"https:\/\/darknight-coffee.org\/blog\/info\/com\/index.php?rest_route=%2Fwp%2Fv2%2Fcomments&post=23"}],"version-history":[{"count":3,"href":"https:\/\/darknight-coffee.org\/blog\/info\/com\/index.php?rest_route=\/wp\/v2\/pages\/23\/revisions"}],"predecessor-version":[{"id":36,"href":"https:\/\/darknight-coffee.org\/blog\/info\/com\/index.php?rest_route=\/wp\/v2\/pages\/23\/revisions\/36"}],"wp:featuredmedia":[{"embeddable":true,"href":"https:\/\/darknight-coffee.org\/blog\/info\/com\/index.php?rest_route=\/wp\/v2\/media\/6"}],"wp:attachment":[{"href":"https:\/\/darknight-coffee.org\/blog\/info\/com\/index.php?rest_route=%2Fwp%2Fv2%2Fmedia&parent=23"}],"curies":[{"name":"wp","href":"https:\/\/api.w.org\/{rel}","templated":true}]}}